{"id":2,"date":"2022-07-04T14:46:05","date_gmt":"2022-07-04T14:46:05","guid":{"rendered":"https:\/\/kozmeticnisalon-romana.si\/?page_id=2"},"modified":"2022-12-25T18:03:22","modified_gmt":"2022-12-25T18:03:22","slug":"sample-page","status":"publish","type":"page","link":"https:\/\/kozmeticnisalon-romana.si\/index.php\/sample-page\/","title":{"rendered":"Kontakt"},"content":{"rendered":"\n<div class=\"wp-block-group\"><div class=\"wp-block-group__inner-container is-layout-constrained wp-block-group-is-layout-constrained\">\n<figure class=\"wp-block-pullquote has-text-align-center has-medium-font-size\"><blockquote><p>Kozmeti\u010dni salon Romana<\/p><cite>        030 919 736 <br>salon.romana@gmail.com <\/cite><\/blockquote><\/figure>\n<\/div><\/div>\n\n\n\n<figure class=\"wp-block-pullquote\"><blockquote><p>Salon se nahaja v prostorih Zdravstvenega doma Menge\u0161 na Zoranini ulici 3, 1234 Menge\u0161<\/p><\/blockquote><\/figure>\n\n\n\n<iframe src=\"https:\/\/www.google.com\/maps\/embed?pb=!1m14!1m8!1m3!1d11053.730488959221!2d14.5710723!3d46.1620432!3m2!1i1024!2i768!4f13.1!3m3!1m2!1s0x0%3A0xbb402618a83560f1!2sKozmeti%C4%8Dni%20salon%20Romana!5e0!3m2!1ssl!2ssi!4v1671985526666!5m2!1ssl!2ssi\" style=\"border:0;\" allowfullscreen=\"\" loading=\"lazy\" referrerpolicy=\"no-referrer-when-downgrade\" width=\"600\" height=\"450\"><\/iframe>\n","protected":false},"excerpt":{"rendered":"<p>Kozmeti\u010dni salon Romana 030 919 736 salon.romana@gmail.com Salon se nahaja v prostorih Zdravstvenega doma Menge\u0161 na Zoranini ulici 3, 1234 Menge\u0161<\/p>\n","protected":false},"author":1,"featured_media":0,"parent":0,"menu_order":0,"comment_status":"closed","ping_status":"closed","template":"","meta":{"om_disable_all_campaigns":false,"_monsterinsights_skip_tracking":false,"_monsterinsights_sitenote_active":false,"_monsterinsights_sitenote_note":"","_monsterinsights_sitenote_category":0,"footnotes":""},"class_list":["post-2","page","type-page","status-publish","hentry"],"aioseo_notices":[],"_links":{"self":[{"href":"https:\/\/kozmeticnisalon-romana.si\/index.php\/wp-json\/wp\/v2\/pages\/2","targetHints":{"allow":["GET"]}}],"collection":[{"href":"https:\/\/kozmeticnisalon-romana.si\/index.php\/wp-json\/wp\/v2\/pages"}],"about":[{"href":"https:\/\/kozmeticnisalon-romana.si\/index.php\/wp-json\/wp\/v2\/types\/page"}],"author":[{"embeddable":true,"href":"https:\/\/kozmeticnisalon-romana.si\/index.php\/wp-json\/wp\/v2\/users\/1"}],"replies":[{"embeddable":true,"href":"https:\/\/kozmeticnisalon-romana.si\/index.php\/wp-json\/wp\/v2\/comments?post=2"}],"version-history":[{"count":7,"href":"https:\/\/kozmeticnisalon-romana.si\/index.php\/wp-json\/wp\/v2\/pages\/2\/revisions"}],"predecessor-version":[{"id":77,"href":"https:\/\/kozmeticnisalon-romana.si\/index.php\/wp-json\/wp\/v2\/pages\/2\/revisions\/77"}],"wp:attachment":[{"href":"https:\/\/kozmeticnisalon-romana.si\/index.php\/wp-json\/wp\/v2\/media?parent=2"}],"curies":[{"name":"wp","href":"https:\/\/api.w.org\/{rel}","templated":true}]}}