{"id":33,"date":"2022-07-05T12:18:39","date_gmt":"2022-07-05T12:18:39","guid":{"rendered":"https:\/\/kozmeticnisalon-romana.si\/?page_id=33"},"modified":"2022-12-26T13:27:48","modified_gmt":"2022-12-26T13:27:48","slug":"cenik","status":"publish","type":"page","link":"https:\/\/kozmeticnisalon-romana.si\/index.php\/cenik\/","title":{"rendered":"storitve"},"content":{"rendered":"\n<ul class=\"wp-block-list\">\n<li><strong>OBRAZ<\/strong>\n<ul class=\"wp-block-list\">\n<li>PHYTS celostna nega obraza (povr\u0161insko in globinsko \u010di\u0161\u010denje, masa\u017ea obraza in dekolteja, maska, vklju\u010dena depilacija br\u010dic in brade)<\/li>\n\n\n\n<li>PHYTS \u010distilna nega obraza (povr\u0161insko in globinsko \u010di\u0161\u010denje, maska)<\/li>\n\n\n\n<li>PHYTS regeneracijska nega obraza (povr\u0161insko \u010di\u0161\u010denje, masa\u017ea obraza in dekolteja, barvanje obrvi ali trepalnic)<\/li>\n\n\n\n<li>Obred 10 korakov, nega obraza (pomladitvena nega obraza)<\/li>\n\n\n\n<li>Pomladitvena lifting masa\u017ea obraza &#8211; ro\u010dna tehnika<\/li>\n\n\n\n<li>Sprostilna masa\u017ea obraza in dekolteja + maska<\/li>\n\n\n\n<li>Sprostilna masa\u017ea obraza in dekolteja<\/li>\n\n\n\n<li>Oblikovanje obrvi<\/li>\n\n\n\n<li>Depilacija br\u010dic ali brade<\/li>\n\n\n\n<li>Barvanje trepalnic ali obrvi<\/li>\n<\/ul>\n<\/li>\n<\/ul>\n\n\n\n<ul class=\"wp-block-list\">\n<li><strong>NOGE<\/strong>\n<ul class=\"wp-block-list\">\n<li>Pedikura (kopel, odstranitev ko\u017ee, kraj\u0161anje in oblikovanje nohtov, nanos kreme)<\/li>\n\n\n\n<li>Delna pedikura samo pete<\/li>\n\n\n\n<li>Delna pedikura samo nohti<\/li>\n\n\n\n<li>Sanacija vra\u0161\u010denega nohta ali kurjih o\u010des<\/li>\n\n\n\n<li>Pedikura + navadno lakiranje<\/li>\n\n\n\n<li>Pedikura + permanentno lakiranje<\/li>\n\n\n\n<li>Permanetno lakiranje nohtov na nogah<\/li>\n\n\n\n<li>Navadno lakiranje nog<\/li>\n<\/ul>\n<\/li>\n<\/ul>\n\n\n\n<ul class=\"wp-block-list\">\n<li><strong>ROKE<\/strong>\n<ul class=\"wp-block-list\">\n<li>Klasi\u010dna manikura (urejanje in oblikovanje nohtov + navadno lakiranje)<\/li>\n\n\n\n<li>Parmanentno lakiranje (urejanje naravnih nohtov + premaz)<\/li>\n\n\n\n<li>Odstranitev parmanentnega premaza + osnovno ureditev naravnih nohtov<\/li>\n\n\n\n<li>Piljenje nohtov na rokah<\/li>\n<\/ul>\n<\/li>\n<\/ul>\n\n\n\n<ul class=\"wp-block-list\">\n<li><strong>DEPILACIJA<\/strong>\n<ul class=\"wp-block-list\">\n<li>Depilacija cele noge + bikini<\/li>\n\n\n\n<li>Depilacija do kolen<\/li>\n\n\n\n<li>Depilacija stegna<\/li>\n\n\n\n<li>Depilacija samo bikini mali \/ veliki predel<\/li>\n\n\n\n<li>Depilacija podpazduh (sladkorna pasta)<\/li>\n\n\n\n<li>Depilacija brazil (sladkorna pasta)<\/li>\n\n\n\n<li>Depilacija rok<\/li>\n\n\n\n<li>Depilacija mo\u0161ki hrbet \/ prsi<\/li>\n<\/ul>\n<\/li>\n<\/ul>\n\n\n\n<ul class=\"wp-block-list\">\n<li><strong>MASA\u017dA<\/strong>\n<ul class=\"wp-block-list\">\n<li>Klasi\u010dna masa\u017ea telesa (50 min)<\/li>\n\n\n\n<li>Masa\u017ea telesa z lesenimi valj\u010dki (50 min)<\/li>\n\n\n\n<li>Klasi\u010dna masa\u017ea hrbta (30 min)<\/li>\n\n\n\n<li>Klasi\u010dna masa\u017ea nog (30 min)<\/li>\n\n\n\n<li>Masa\u017ea stopal (50 min)<\/li>\n\n\n\n<li>Masa\u017ea stopal in hrbet (80 min)<\/li>\n\n\n\n<li>Terapevtska masa\u017ea ( v primeru bole\u010dine v hrbtu, sklepih, vkle\u0161\u010deni \u017eivci, \u0161portne po\u0161kodbe, &#8230;)<\/li>\n<\/ul>\n<\/li>\n<\/ul>\n\n\n\n<ul class=\"wp-block-list\">\n<li><strong>ANTICELULITNA MASA\u017dA<\/strong>\n<ul class=\"wp-block-list\">\n<li>Masa\u017ea nog z lesenimi valj\u010dki (40 min)<\/li>\n\n\n\n<li>Pressoterapija (strojna limfna drena\u017ea telesa) (30 min)<\/li>\n\n\n\n<li>Elektrostimulacija noge ali trebuh (30 min)<\/li>\n<\/ul>\n<\/li>\n<\/ul>\n\n\n\n<div class=\"wp-block-media-text alignwide is-stacked-on-mobile\"><figure class=\"wp-block-media-text__media\"><img loading=\"lazy\" decoding=\"async\" width=\"1024\" height=\"1024\" src=\"https:\/\/kozmeticnisalon-romana.si\/wp-content\/uploads\/2022\/12\/2022-12-26_14.25.49-1024x1024.jpg\" alt=\"\" class=\"wp-image-108 size-full\" srcset=\"https:\/\/kozmeticnisalon-romana.si\/wp-content\/uploads\/2022\/12\/2022-12-26_14.25.49-1024x1024.jpg 1024w, https:\/\/kozmeticnisalon-romana.si\/wp-content\/uploads\/2022\/12\/2022-12-26_14.25.49-300x300.jpg 300w, https:\/\/kozmeticnisalon-romana.si\/wp-content\/uploads\/2022\/12\/2022-12-26_14.25.49-150x150.jpg 150w, https:\/\/kozmeticnisalon-romana.si\/wp-content\/uploads\/2022\/12\/2022-12-26_14.25.49-768x768.jpg 768w, https:\/\/kozmeticnisalon-romana.si\/wp-content\/uploads\/2022\/12\/2022-12-26_14.25.49-75x75.jpg 75w, https:\/\/kozmeticnisalon-romana.si\/wp-content\/uploads\/2022\/12\/2022-12-26_14.25.49.jpg 1080w\" sizes=\"auto, (max-width: 1024px) 100vw, 1024px\" \/><\/figure><div class=\"wp-block-media-text__content\">\n<p><\/p>\n<\/div><\/div>\n","protected":false},"excerpt":{"rendered":"","protected":false},"author":1,"featured_media":0,"parent":0,"menu_order":0,"comment_status":"closed","ping_status":"closed","template":"","meta":{"om_disable_all_campaigns":false,"_monsterinsights_skip_tracking":false,"_monsterinsights_sitenote_active":false,"_monsterinsights_sitenote_note":"","_monsterinsights_sitenote_category":0,"footnotes":""},"class_list":["post-33","page","type-page","status-publish","hentry"],"aioseo_notices":[],"_links":{"self":[{"href":"https:\/\/kozmeticnisalon-romana.si\/index.php\/wp-json\/wp\/v2\/pages\/33","targetHints":{"allow":["GET"]}}],"collection":[{"href":"https:\/\/kozmeticnisalon-romana.si\/index.php\/wp-json\/wp\/v2\/pages"}],"about":[{"href":"https:\/\/kozmeticnisalon-romana.si\/index.php\/wp-json\/wp\/v2\/types\/page"}],"author":[{"embeddable":true,"href":"https:\/\/kozmeticnisalon-romana.si\/index.php\/wp-json\/wp\/v2\/users\/1"}],"replies":[{"embeddable":true,"href":"https:\/\/kozmeticnisalon-romana.si\/index.php\/wp-json\/wp\/v2\/comments?post=33"}],"version-history":[{"count":6,"href":"https:\/\/kozmeticnisalon-romana.si\/index.php\/wp-json\/wp\/v2\/pages\/33\/revisions"}],"predecessor-version":[{"id":109,"href":"https:\/\/kozmeticnisalon-romana.si\/index.php\/wp-json\/wp\/v2\/pages\/33\/revisions\/109"}],"wp:attachment":[{"href":"https:\/\/kozmeticnisalon-romana.si\/index.php\/wp-json\/wp\/v2\/media?parent=33"}],"curies":[{"name":"wp","href":"https:\/\/api.w.org\/{rel}","templated":true}]}}